{"id":825,"date":"2025-05-12T20:18:53","date_gmt":"2025-05-12T18:18:53","guid":{"rendered":"https:\/\/solarfarmmap.com\/?page_id=825"},"modified":"2026-04-20T11:56:07","modified_gmt":"2026-04-20T09:56:07","slug":"feedback","status":"publish","type":"page","link":"https:\/\/solarfarmmap.com\/en\/feedback\/","title":{"rendered":"Feedback"},"content":{"rendered":"\t\t<div data-elementor-type=\"wp-page\" data-elementor-id=\"825\" class=\"elementor elementor-825\" data-elementor-post-type=\"page\">\n\t\t\t\t<div class=\"elementor-element elementor-element-a102872 e-flex e-con-boxed e-con e-parent\" data-id=\"a102872\" data-element_type=\"container\" data-e-type=\"container\" data-settings=\"{&quot;background_background&quot;:&quot;classic&quot;}\">\n\t\t\t\t\t<div class=\"e-con-inner\">\n\t\t<div class=\"elementor-element elementor-element-dad5b7f e-con-full e-flex elementor-invisible e-con e-child\" data-id=\"dad5b7f\" data-element_type=\"container\" data-e-type=\"container\" data-settings=\"{&quot;animation&quot;:&quot;fadeInUp&quot;}\">\n\t\t<div class=\"elementor-element elementor-element-68ecf42 e-con-full e-flex e-con e-child\" data-id=\"68ecf42\" data-element_type=\"container\" data-e-type=\"container\" data-settings=\"{&quot;background_background&quot;:&quot;gradient&quot;}\">\n\t\t\t\t<div class=\"elementor-element elementor-element-ed7e14b rotate elementor-widget elementor-widget-image\" data-id=\"ed7e14b\" data-element_type=\"widget\" data-e-type=\"widget\" data-widget_type=\"image.default\">\n\t\t\t\t<div class=\"elementor-widget-container\">\n\t\t\t\t\t\t\t\t\t\t\t\t\t\t\t<img fetchpriority=\"high\" decoding=\"async\" width=\"257\" height=\"251\" src=\"https:\/\/solarfarmmap.com\/wp-content\/uploads\/2026\/03\/favicon-1.png\" class=\"attachment-large size-large wp-image-1591\" alt=\"\" srcset=\"https:\/\/solarfarmmap.com\/wp-content\/uploads\/2026\/03\/favicon-1.png 257w, https:\/\/solarfarmmap.com\/wp-content\/uploads\/2026\/03\/favicon-1-12x12.png 12w\" sizes=\"(max-width: 257px) 100vw, 257px\" \/>\t\t\t\t\t\t\t\t\t\t\t\t\t\t\t<\/div>\n\t\t\t\t<\/div>\n\t\t\t\t<div class=\"elementor-element elementor-element-0236cd0 elementor-widget elementor-widget-heading\" data-id=\"0236cd0\" data-element_type=\"widget\" data-e-type=\"widget\" data-widget_type=\"heading.default\">\n\t\t\t\t<div class=\"elementor-widget-container\">\n\t\t\t\t\t<h2 class=\"elementor-heading-title elementor-size-default\">Feedback<\/h2>\t\t\t\t<\/div>\n\t\t\t\t<\/div>\n\t\t\t\t<\/div>\n\t\t\t\t<div class=\"elementor-element elementor-element-156013f elementor-widget__width-initial elementor-widget-mobile__width-initial elementor-widget elementor-widget-heading\" data-id=\"156013f\" data-element_type=\"widget\" data-e-type=\"widget\" data-widget_type=\"heading.default\">\n\t\t\t\t<div class=\"elementor-widget-container\">\n\t\t\t\t\t<h1 class=\"elementor-heading-title elementor-size-default\">Ihr Feedback zur Plattform\n<\/h1>\t\t\t\t<\/div>\n\t\t\t\t<\/div>\n\t\t\t\t<div class=\"elementor-element elementor-element-659e50e elementor-widget__width-initial elementor-widget-tablet__width-initial elementor-widget-mobile__width-inherit elementor-widget elementor-widget-text-editor\" data-id=\"659e50e\" data-element_type=\"widget\" data-e-type=\"widget\" data-widget_type=\"text-editor.default\">\n\t\t\t\t<div class=\"elementor-widget-container\">\n\t\t\t\t\t\t\t\t\t<p>Ob fachliche Anregung, Fehlerhinweis oder Funktionswunsch \u2013 jede R\u00fcckmeldung hilft uns, die Plattform praxisn\u00e4her und nutzerfreundlicher zu gestalten.<\/p><p>Nutzen Sie das Formular, um uns direkt zu schreiben. <br \/>Wenn gew\u00fcnscht, melden wir uns zeitnah bei Ihnen zur\u00fcck.<\/p>\t\t\t\t\t\t\t\t<\/div>\n\t\t\t\t<\/div>\n\t\t\t\t<\/div>\n\t\t<div class=\"elementor-element elementor-element-1eda14d e-con-full e-flex e-con e-child\" data-id=\"1eda14d\" data-element_type=\"container\" data-e-type=\"container\">\n\t\t<div class=\"elementor-element elementor-element-7f6eb60 e-con-full e-flex e-con e-child\" data-id=\"7f6eb60\" data-element_type=\"container\" data-e-type=\"container\" data-settings=\"{&quot;background_background&quot;:&quot;classic&quot;}\">\n\t\t\t\t<div class=\"elementor-element elementor-element-27e0e08 elementor-widget elementor-widget-image\" data-id=\"27e0e08\" data-element_type=\"widget\" data-e-type=\"widget\" data-widget_type=\"image.default\">\n\t\t\t\t<div class=\"elementor-widget-container\">\n\t\t\t\t\t\t\t\t\t\t\t\t\t\t\t<img decoding=\"async\" width=\"1500\" height=\"787\" src=\"https:\/\/solarfarmmap.com\/wp-content\/uploads\/2026\/03\/SolarFarmMap-share-img.webp\" class=\"attachment-full size-full wp-image-1754\" alt=\"\" srcset=\"https:\/\/solarfarmmap.com\/wp-content\/uploads\/2026\/03\/SolarFarmMap-share-img.webp 1500w, https:\/\/solarfarmmap.com\/wp-content\/uploads\/2026\/03\/SolarFarmMap-share-img-300x157.webp 300w, https:\/\/solarfarmmap.com\/wp-content\/uploads\/2026\/03\/SolarFarmMap-share-img-1024x537.webp 1024w, https:\/\/solarfarmmap.com\/wp-content\/uploads\/2026\/03\/SolarFarmMap-share-img-768x403.webp 768w, https:\/\/solarfarmmap.com\/wp-content\/uploads\/2026\/03\/SolarFarmMap-share-img-18x9.webp 18w\" sizes=\"(max-width: 1500px) 100vw, 1500px\" \/>\t\t\t\t\t\t\t\t\t\t\t\t\t\t\t<\/div>\n\t\t\t\t<\/div>\n\t\t\t\t<\/div>\n\t\t<div class=\"elementor-element elementor-element-f6cca95 e-con-full e-flex e-con e-child\" data-id=\"f6cca95\" data-element_type=\"container\" data-e-type=\"container\" data-settings=\"{&quot;background_background&quot;:&quot;gradient&quot;}\">\n\t\t\t\t<div class=\"elementor-element elementor-element-0d34cbb elementor-button-align-stretch elementor-widget elementor-widget-form\" data-id=\"0d34cbb\" data-element_type=\"widget\" data-e-type=\"widget\" data-settings=\"{&quot;step_next_label&quot;:&quot;Next&quot;,&quot;step_previous_label&quot;:&quot;Previous&quot;,&quot;button_width&quot;:&quot;50&quot;,&quot;button_width_tablet&quot;:&quot;100&quot;,&quot;step_type&quot;:&quot;number_text&quot;,&quot;step_icon_shape&quot;:&quot;circle&quot;}\" data-widget_type=\"form.default\">\n\t\t\t\t<div class=\"elementor-widget-container\">\n\t\t\t\t\t\t\t<form class=\"elementor-form\" method=\"post\" name=\"Form\" aria-label=\"Form\">\n\t\t\t<input type=\"hidden\" name=\"post_id\" value=\"825\"\/>\n\t\t\t<input type=\"hidden\" name=\"form_id\" value=\"0d34cbb\"\/>\n\t\t\t<input type=\"hidden\" name=\"referer_title\" value=\"\" \/>\n\n\t\t\t\n\t\t\t<div class=\"elementor-form-fields-wrapper elementor-labels-above\">\n\t\t\t\t\t\t\t\t<div class=\"elementor-field-type-text elementor-field-group elementor-column elementor-field-group-field_bbf3724 elementor-col-50\">\n\t\t\t\t\t\t\t\t\t\t\t\t\t<input size=\"1\" type=\"text\" name=\"form_fields[field_bbf3724]\" id=\"form-field-field_bbf3724\" class=\"elementor-field elementor-size-lg  elementor-field-textual\" placeholder=\"Name (optional)\">\n\t\t\t\t\t\t\t\t\t\t\t<\/div>\n\t\t\t\t\t\t\t\t<div class=\"elementor-field-type-email elementor-field-group elementor-column elementor-field-group-field_91a4811 elementor-col-50\">\n\t\t\t\t\t\t\t\t\t\t\t\t\t<input size=\"1\" type=\"email\" name=\"form_fields[field_91a4811]\" id=\"form-field-field_91a4811\" class=\"elementor-field elementor-size-lg  elementor-field-textual\" placeholder=\"Email (optional)\">\n\t\t\t\t\t\t\t\t\t\t\t<\/div>\n\t\t\t\t\t\t\t\t<div class=\"elementor-field-type-text\">\n\t\t\t\t\t<input size=\"1\" type=\"text\" name=\"form_fields[field_142235c]\" id=\"form-field-field_142235c\" class=\"elementor-field elementor-size-lg \" style=\"display:none !important;\">\t\t\t\t<\/div>\n\t\t\t\t\t\t\t\t<div class=\"elementor-field-type-text\">\n\t\t\t\t\t<input size=\"1\" type=\"text\" name=\"form_fields[field_57cfb16]\" id=\"form-field-field_57cfb16\" class=\"elementor-field elementor-size-lg \" style=\"display:none !important;\">\t\t\t\t<\/div>\n\t\t\t\t\t\t\t\t<div class=\"elementor-field-type-textarea elementor-field-group elementor-column elementor-field-group-Nachricht elementor-col-100 elementor-field-required elementor-mark-required\">\n\t\t\t\t\t\t\t\t\t\t\t\t<label for=\"form-field-Nachricht\" class=\"elementor-field-label\">\n\t\t\t\t\t\t\t\tIhr Feedback\t\t\t\t\t\t\t<\/label>\n\t\t\t\t\t\t<textarea class=\"elementor-field-textual elementor-field  elementor-size-lg\" name=\"form_fields[Nachricht]\" id=\"form-field-Nachricht\" rows=\"10\" placeholder=\"Ihre Nachricht an uns \u2013 Feedback, Fragen oder Hinweise \u2026\" required=\"required\"><\/textarea>\t\t\t\t<\/div>\n\t\t\t\t\t\t\t\t<div class=\"elementor-field-type-text\">\n\t\t\t\t\t<input size=\"1\" type=\"text\" name=\"form_fields[field_3b1bf94]\" id=\"form-field-field_3b1bf94\" class=\"elementor-field elementor-size-lg \" style=\"display:none !important;\">\t\t\t\t<\/div>\n\t\t\t\t\t\t\t\t<div class=\"elementor-field-group elementor-column elementor-field-type-submit elementor-col-50 e-form__buttons elementor-md-100\">\n\t\t\t\t\t<button class=\"elementor-button elementor-size-md\" type=\"submit\">\n\t\t\t\t\t\t<span class=\"elementor-button-content-wrapper\">\n\t\t\t\t\t\t\t\t\t\t\t\t\t\t\t\t\t\t\t\t\t\t<span class=\"elementor-button-text\">Feedback senden<\/span>\n\t\t\t\t\t\t\t\t\t\t\t\t\t<\/span>\n\t\t\t\t\t<\/button>\n\t\t\t\t<\/div>\n\t\t\t<\/div>\n\t\t<\/form>\n\t\t\t\t\t\t<\/div>\n\t\t\t\t<\/div>\n\t\t\t\t<div class=\"elementor-element elementor-element-be63ccc elementor-widget elementor-widget-text-editor\" data-id=\"be63ccc\" data-element_type=\"widget\" data-e-type=\"widget\" data-widget_type=\"text-editor.default\">\n\t\t\t\t<div class=\"elementor-widget-container\">\n\t\t\t\t\t\t\t\t\t<p><span style=\"color: #ff0000;\">*<\/span> Pflichtfeld<\/p>\t\t\t\t\t\t\t\t<\/div>\n\t\t\t\t<\/div>\n\t\t\t\t<\/div>\n\t\t\t\t<\/div>\n\t\t\t\t\t<\/div>\n\t\t\t\t<\/div>\n\t\t\t\t<\/div>\n\t\t","protected":false},"excerpt":{"rendered":"<p>Feedback Ihr Feedback zur Plattform Ob fachliche Anregung, Fehlerhinweis oder Funktionswunsch \u2013 jede R\u00fcckmeldung hilft uns, die Plattform praxisn\u00e4her und nutzerfreundlicher zu gestalten. Nutzen Sie das Formular, um uns direkt zu schreiben. Wenn gew\u00fcnscht, melden wir uns zeitnah bei Ihnen zur\u00fcck. * Pflichtfeld<\/p>","protected":false},"author":2,"featured_media":0,"parent":0,"menu_order":0,"comment_status":"closed","ping_status":"closed","template":"","meta":{"footnotes":""},"class_list":["post-825","page","type-page","status-publish","hentry"],"_links":{"self":[{"href":"https:\/\/solarfarmmap.com\/en\/wp-json\/wp\/v2\/pages\/825","targetHints":{"allow":["GET"]}}],"collection":[{"href":"https:\/\/solarfarmmap.com\/en\/wp-json\/wp\/v2\/pages"}],"about":[{"href":"https:\/\/solarfarmmap.com\/en\/wp-json\/wp\/v2\/types\/page"}],"author":[{"embeddable":true,"href":"https:\/\/solarfarmmap.com\/en\/wp-json\/wp\/v2\/users\/2"}],"replies":[{"embeddable":true,"href":"https:\/\/solarfarmmap.com\/en\/wp-json\/wp\/v2\/comments?post=825"}],"version-history":[{"count":10,"href":"https:\/\/solarfarmmap.com\/en\/wp-json\/wp\/v2\/pages\/825\/revisions"}],"predecessor-version":[{"id":2076,"href":"https:\/\/solarfarmmap.com\/en\/wp-json\/wp\/v2\/pages\/825\/revisions\/2076"}],"wp:attachment":[{"href":"https:\/\/solarfarmmap.com\/en\/wp-json\/wp\/v2\/media?parent=825"}],"curies":[{"name":"wp","href":"https:\/\/api.w.org\/{rel}","templated":true}]}}